{"id":4523,"date":"2021-11-03T14:13:51","date_gmt":"2021-11-03T13:13:51","guid":{"rendered":"https:\/\/nordicprotech.com\/?post_type=product&#038;p=4523"},"modified":"2024-10-09T13:13:26","modified_gmt":"2024-10-09T11:13:26","slug":"trumpf-dies","status":"publish","type":"product","link":"https:\/\/nordicprotech.com\/lt\/produkt\/4523\/trumpf-dies\/","title":{"rendered":"Hemming tool"},"content":{"rendered":"<p>Tinka \u201ePromecam\u201c tipo tvirtinimui. U\u017elenkimo \u012frankiai pagaminti i\u0161 C45 ir 42 chromo plieno, gr\u016bdinti radiuso srityje ir \u0161lifuoti slydimo pavir\u0161iuose, kad u\u017etikrint\u0173 patvarum\u0105 ir tikslum\u0105. Visi u\u017elenkimo \u012frankiai turi b\u016bti naudojami kartu su vir\u0161utiniu pramu\u0161imo \u012frankiu, kurio kampas atitinka u\u017elenkimo \u012frankio V formos griovel\u012f, siekiant u\u017etikrinti optimal\u0173 rezultat\u0105.<\/p>\n","protected":false},"excerpt":{"rendered":"<p>Tinka \u201ePromecam\u201c tipo tvirtinimui. U\u017elenkimo \u012frankiai pagaminti i\u0161 C45 ir 42 chromo plieno, gr\u016bdinti radiuso srityje ir \u0161lifuoti slydimo pavir\u0161iuose, kad u\u017etikrint\u0173 patvarum\u0105 ir tikslum\u0105. Visi u\u017elenkimo \u012frankiai turi b\u016bti naudojami kartu su vir\u0161utiniu pramu\u0161imo \u012frankiu, kurio kampas atitinka u\u017elenkimo \u012frankio V formos griovel\u012f, siekiant u\u017etikrinti optimal\u0173 rezultat\u0105.<\/p>\n","protected":false},"featured_media":4524,"template":"","meta":[],"product_cat":[671],"product_tag":[],"class_list":{"0":"post-4523","1":"product","2":"type-product","3":"status-publish","4":"has-post-thumbnail","6":"product_cat-bending-tools","8":"first","9":"outofstock","10":"taxable","11":"shipping-taxable","12":"product-type-simple"},"yoast_head":"<!-- This site is optimized with the Yoast SEO plugin v26.8 - https:\/\/yoast.com\/product\/yoast-seo-wordpress\/ -->\n<title>Hemming tool - Nordic Pro Tech AS<\/title>\n<meta name=\"robots\" content=\"index, follow, max-snippet:-1, max-image-preview:large, max-video-preview:-1\" \/>\n<link rel=\"canonical\" href=\"https:\/\/nordicprotech.com\/lt\/produkt\/4523\/trumpf-dies\/\" \/>\n<meta property=\"og:locale\" content=\"lt_LT\" \/>\n<meta property=\"og:locale:alternate\" content=\"nb_NO\" \/>\n<meta property=\"og:locale:alternate\" content=\"en_GB\" \/>\n<meta property=\"og:type\" content=\"article\" \/>\n<meta property=\"og:title\" content=\"Hemming tool\" \/>\n<meta property=\"og:description\" content=\"Tinka \u201ePromecam\u201c tipo tvirtinimui. U\u017elenkimo \u012frankiai pagaminti i\u0161 C45 ir 42 chromo plieno, gr\u016bdinti radiuso srityje ir \u0161lifuoti slydimo pavir\u0161iuose, kad u\u017etikrint\u0173 patvarum\u0105 ir tikslum\u0105. Visi u\u017elenkimo \u012frankiai turi b\u016bti naudojami kartu su vir\u0161utiniu pramu\u0161imo \u012frankiu, kurio kampas atitinka u\u017elenkimo \u012frankio V formos griovel\u012f, siekiant u\u017etikrinti optimal\u0173 rezultat\u0105.\" \/>\n<meta property=\"og:url\" content=\"https:\/\/nordicprotech.com\/lt\/produkt\/4523\/trumpf-dies\/\" \/>\n<meta property=\"og:site_name\" content=\"Nordic Pro Tech AS\" \/>\n<meta property=\"article:publisher\" content=\"https:\/\/www.facebook.com\/BBartoniNorgeAS\/\" \/>\n<meta property=\"article:modified_time\" content=\"2024-10-09T11:13:26+00:00\" \/>\n<meta property=\"og:image\" content=\"https:\/\/nordicprotech.com\/wp-content\/uploads\/2021\/11\/hemming_tool.jpg\" \/>\n\t<meta property=\"og:image:width\" content=\"600\" \/>\n\t<meta property=\"og:image:height\" content=\"472\" \/>\n\t<meta property=\"og:image:type\" content=\"image\/jpeg\" \/>\n<meta name=\"twitter:card\" content=\"summary_large_image\" \/>\n<meta name=\"twitter:site\" content=\"@BartoniEu\" \/>\n<meta name=\"twitter:label1\" content=\"Est. reading time\" \/>\n\t<meta name=\"twitter:data1\" content=\"1 minut\u0117\" \/>\n<script type=\"application\/ld+json\" class=\"yoast-schema-graph\">{\"@context\":\"https:\/\/schema.org\",\"@graph\":[{\"@type\":\"WebPage\",\"@id\":\"https:\/\/nordicprotech.com\/lt\/produkt\/4523\/trumpf-dies\/\",\"url\":\"https:\/\/nordicprotech.com\/lt\/produkt\/4523\/trumpf-dies\/\",\"name\":\"Hemming tool\",\"isPartOf\":{\"@id\":\"https:\/\/nordicprotech.com\/#website\"},\"primaryImageOfPage\":{\"@id\":\"https:\/\/nordicprotech.com\/lt\/produkt\/4523\/trumpf-dies\/#primaryimage\"},\"image\":{\"@id\":\"https:\/\/nordicprotech.com\/lt\/produkt\/4523\/trumpf-dies\/#primaryimage\"},\"thumbnailUrl\":\"https:\/\/nordicprotech.com\/wp-content\/uploads\/2021\/11\/hemming_tool.jpg\",\"datePublished\":\"2021-11-03T13:13:51+00:00\",\"dateModified\":\"2024-10-09T11:13:26+00:00\",\"breadcrumb\":{\"@id\":\"https:\/\/nordicprotech.com\/lt\/produkt\/4523\/trumpf-dies\/#breadcrumb\"},\"inLanguage\":\"lt-LT\",\"potentialAction\":[{\"@type\":\"ReadAction\",\"target\":[\"https:\/\/nordicprotech.com\/lt\/produkt\/4523\/trumpf-dies\/\"]}]},{\"@type\":\"ImageObject\",\"inLanguage\":\"lt-LT\",\"@id\":\"https:\/\/nordicprotech.com\/lt\/produkt\/4523\/trumpf-dies\/#primaryimage\",\"url\":\"https:\/\/nordicprotech.com\/wp-content\/uploads\/2021\/11\/hemming_tool.jpg\",\"contentUrl\":\"https:\/\/nordicprotech.com\/wp-content\/uploads\/2021\/11\/hemming_tool.jpg\",\"width\":600,\"height\":472},{\"@type\":\"BreadcrumbList\",\"@id\":\"https:\/\/nordicprotech.com\/lt\/produkt\/4523\/trumpf-dies\/#breadcrumb\",\"itemListElement\":[{\"@type\":\"ListItem\",\"position\":1,\"name\":\"Hjem\",\"item\":\"https:\/\/nordicprotech.com\/\"},{\"@type\":\"ListItem\",\"position\":2,\"name\":\"Alle produkter\",\"item\":\"https:\/\/nordicprotech.com\/en\/alle-produkter\/\"},{\"@type\":\"ListItem\",\"position\":3,\"name\":\"Hemming tool\"}]},{\"@type\":\"WebSite\",\"@id\":\"https:\/\/nordicprotech.com\/#website\",\"url\":\"https:\/\/nordicprotech.com\/\",\"name\":\"Nordic Pro Tech AS\",\"description\":\"Slitedeler til plasmaskj\u00e6rere og sveiseapparater\",\"publisher\":{\"@id\":\"https:\/\/nordicprotech.com\/#organization\"},\"potentialAction\":[{\"@type\":\"SearchAction\",\"target\":{\"@type\":\"EntryPoint\",\"urlTemplate\":\"https:\/\/nordicprotech.com\/?s={search_term_string}\"},\"query-input\":{\"@type\":\"PropertyValueSpecification\",\"valueRequired\":true,\"valueName\":\"search_term_string\"}}],\"inLanguage\":\"lt-LT\"},{\"@type\":\"Organization\",\"@id\":\"https:\/\/nordicprotech.com\/#organization\",\"name\":\"Nordic Pro Tech AS\",\"alternateName\":\"Nordic Pro Tech\",\"url\":\"https:\/\/nordicprotech.com\/\",\"logo\":{\"@type\":\"ImageObject\",\"inLanguage\":\"lt-LT\",\"@id\":\"https:\/\/nordicprotech.com\/#\/schema\/logo\/image\/\",\"url\":\"https:\/\/nordicprotech.com\/wp-content\/uploads\/2023\/11\/nordic-pro-tech.png\",\"contentUrl\":\"https:\/\/nordicprotech.com\/wp-content\/uploads\/2023\/11\/nordic-pro-tech.png\",\"width\":579,\"height\":281,\"caption\":\"Nordic Pro Tech AS\"},\"image\":{\"@id\":\"https:\/\/nordicprotech.com\/#\/schema\/logo\/image\/\"},\"sameAs\":[\"https:\/\/www.facebook.com\/BBartoniNorgeAS\/\",\"https:\/\/x.com\/BartoniEu\",\"https:\/\/www.instagram.com\/bbartoninorge\/\"]}]}<\/script>\n<!-- \/ Yoast SEO plugin. -->","yoast_head_json":{"title":"Hemming tool - Nordic Pro Tech AS","robots":{"index":"index","follow":"follow","max-snippet":"max-snippet:-1","max-image-preview":"max-image-preview:large","max-video-preview":"max-video-preview:-1"},"canonical":"https:\/\/nordicprotech.com\/lt\/produkt\/4523\/trumpf-dies\/","og_locale":"lt_LT","og_type":"article","og_title":"[:nb]Hemming tool[:lt]Hemming tool[:] - Nordic Pro Tech AS","og_description":"Tinka \u201ePromecam\u201c tipo tvirtinimui. U\u017elenkimo \u012frankiai pagaminti i\u0161 C45 ir 42 chromo plieno, gr\u016bdinti radiuso srityje ir \u0161lifuoti slydimo pavir\u0161iuose, kad u\u017etikrint\u0173 patvarum\u0105 ir tikslum\u0105. Visi u\u017elenkimo \u012frankiai turi b\u016bti naudojami kartu su vir\u0161utiniu pramu\u0161imo \u012frankiu, kurio kampas atitinka u\u017elenkimo \u012frankio V formos griovel\u012f, siekiant u\u017etikrinti optimal\u0173 rezultat\u0105.","og_url":"https:\/\/nordicprotech.com\/lt\/produkt\/4523\/trumpf-dies\/","og_site_name":"Nordic Pro Tech AS","article_publisher":"https:\/\/www.facebook.com\/BBartoniNorgeAS\/","article_modified_time":"2024-10-09T11:13:26+00:00","og_image":[{"width":600,"height":472,"url":"https:\/\/nordicprotech.com\/wp-content\/uploads\/2021\/11\/hemming_tool.jpg","type":"image\/jpeg"}],"twitter_card":"summary_large_image","twitter_site":"@BartoniEu","twitter_misc":{"Est. reading time":"1 minut\u0117"},"schema":{"@context":"https:\/\/schema.org","@graph":[{"@type":"WebPage","@id":"https:\/\/nordicprotech.com\/lt\/produkt\/4523\/trumpf-dies\/","url":"https:\/\/nordicprotech.com\/lt\/produkt\/4523\/trumpf-dies\/","name":"Hemming tool","isPartOf":{"@id":"https:\/\/nordicprotech.com\/#website"},"primaryImageOfPage":{"@id":"https:\/\/nordicprotech.com\/lt\/produkt\/4523\/trumpf-dies\/#primaryimage"},"image":{"@id":"https:\/\/nordicprotech.com\/lt\/produkt\/4523\/trumpf-dies\/#primaryimage"},"thumbnailUrl":"https:\/\/nordicprotech.com\/wp-content\/uploads\/2021\/11\/hemming_tool.jpg","datePublished":"2021-11-03T13:13:51+00:00","dateModified":"2024-10-09T11:13:26+00:00","breadcrumb":{"@id":"https:\/\/nordicprotech.com\/lt\/produkt\/4523\/trumpf-dies\/#breadcrumb"},"inLanguage":"lt-LT","potentialAction":[{"@type":"ReadAction","target":["https:\/\/nordicprotech.com\/lt\/produkt\/4523\/trumpf-dies\/"]}]},{"@type":"ImageObject","inLanguage":"lt-LT","@id":"https:\/\/nordicprotech.com\/lt\/produkt\/4523\/trumpf-dies\/#primaryimage","url":"https:\/\/nordicprotech.com\/wp-content\/uploads\/2021\/11\/hemming_tool.jpg","contentUrl":"https:\/\/nordicprotech.com\/wp-content\/uploads\/2021\/11\/hemming_tool.jpg","width":600,"height":472},{"@type":"BreadcrumbList","@id":"https:\/\/nordicprotech.com\/lt\/produkt\/4523\/trumpf-dies\/#breadcrumb","itemListElement":[{"@type":"ListItem","position":1,"name":"Hjem","item":"https:\/\/nordicprotech.com\/"},{"@type":"ListItem","position":2,"name":"Alle produkter","item":"https:\/\/nordicprotech.com\/en\/alle-produkter\/"},{"@type":"ListItem","position":3,"name":"Hemming tool"}]},{"@type":"WebSite","@id":"https:\/\/nordicprotech.com\/#website","url":"https:\/\/nordicprotech.com\/","name":"Nordic Pro Tech AS","description":"Slitedeler til plasmaskj\u00e6rere og sveiseapparater","publisher":{"@id":"https:\/\/nordicprotech.com\/#organization"},"potentialAction":[{"@type":"SearchAction","target":{"@type":"EntryPoint","urlTemplate":"https:\/\/nordicprotech.com\/?s={search_term_string}"},"query-input":{"@type":"PropertyValueSpecification","valueRequired":true,"valueName":"search_term_string"}}],"inLanguage":"lt-LT"},{"@type":"Organization","@id":"https:\/\/nordicprotech.com\/#organization","name":"Nordic Pro Tech AS","alternateName":"Nordic Pro Tech","url":"https:\/\/nordicprotech.com\/","logo":{"@type":"ImageObject","inLanguage":"lt-LT","@id":"https:\/\/nordicprotech.com\/#\/schema\/logo\/image\/","url":"https:\/\/nordicprotech.com\/wp-content\/uploads\/2023\/11\/nordic-pro-tech.png","contentUrl":"https:\/\/nordicprotech.com\/wp-content\/uploads\/2023\/11\/nordic-pro-tech.png","width":579,"height":281,"caption":"Nordic Pro Tech AS"},"image":{"@id":"https:\/\/nordicprotech.com\/#\/schema\/logo\/image\/"},"sameAs":["https:\/\/www.facebook.com\/BBartoniNorgeAS\/","https:\/\/x.com\/BartoniEu","https:\/\/www.instagram.com\/bbartoninorge\/"]}]}},"_links":{"self":[{"href":"https:\/\/nordicprotech.com\/lt\/wp-json\/wp\/v2\/product\/4523","targetHints":{"allow":["GET"]}}],"collection":[{"href":"https:\/\/nordicprotech.com\/lt\/wp-json\/wp\/v2\/product"}],"about":[{"href":"https:\/\/nordicprotech.com\/lt\/wp-json\/wp\/v2\/types\/product"}],"wp:featuredmedia":[{"embeddable":true,"href":"https:\/\/nordicprotech.com\/lt\/wp-json\/wp\/v2\/media\/4524"}],"wp:attachment":[{"href":"https:\/\/nordicprotech.com\/lt\/wp-json\/wp\/v2\/media?parent=4523"}],"wp:term":[{"taxonomy":"product_cat","embeddable":true,"href":"https:\/\/nordicprotech.com\/lt\/wp-json\/wp\/v2\/product_cat?post=4523"},{"taxonomy":"product_tag","embeddable":true,"href":"https:\/\/nordicprotech.com\/lt\/wp-json\/wp\/v2\/product_tag?post=4523"}],"curies":[{"name":"wp","href":"https:\/\/api.w.org\/{rel}","templated":true}]}}